{"id":4018,"date":"2018-08-29T12:00:13","date_gmt":"2018-08-29T09:00:13","guid":{"rendered":"https:\/\/www.ofaglobal.com\/iletisim\/"},"modified":"2024-05-10T13:39:13","modified_gmt":"2024-05-10T10:39:13","slug":"contact","status":"publish","type":"page","link":"https:\/\/www.ofaglobal.com\/en\/contact\/","title":{"rendered":"Contact"},"content":{"rendered":"<p>[vc_section][vc_row full_width=&#8221;stretch_row_content_no_spaces&#8221;][vc_column][vc_raw_html]JTNDaWZyYW1lJTIwc3JjJTNEJTIyaHR0cHMlM0ElMkYlMkZ3d3cuZ29vZ2xlLmNvbSUyRm1hcHMlMkZlbWJlZCUzRnBiJTNEJTIxMW0xNyUyMTFtMTIlMjExbTMlMjExZDY0MzEwLjAyMjk3NDA3MDU3JTIxMmQzMC42Nzg5NjY4NzEyMDA1MjIlMjEzZDM2LjkwOTkzMDkzNTE2NDQyJTIxMm0zJTIxMWYwJTIxMmYwJTIxM2YwJTIxM20yJTIxMWkxMDI0JTIxMmk3NjglMjE0ZjEzLjElMjEzbTIlMjExbTElMjEyek16YkNzRFV6SnpNNExqa2lUaUF6TU1Ld05ESW5NRFF1TXlKRiUyMTVlMCUyMTNtMiUyMTFzdHIlMjEyc3RyJTIxNHYxNzE1MzM3NTA4Mzg5JTIxNW0yJTIxMXN0ciUyMTJzdHIlMjIlMjB3aWR0aCUzRCUyMjEwMCUyNSUyMiUyMGhlaWdodCUzRCUyMjQ1MCUyMiUyMHN0eWxlJTNEJTIyYm9yZGVyJTNBMCUzQiUyMiUyMGFsbG93ZnVsbHNjcmVlbiUzRCUyMiUyMiUyMGxvYWRpbmclM0QlMjJsYXp5JTIyJTIwcmVmZXJyZXJwb2xpY3klM0QlMjJuby1yZWZlcnJlci13aGVuLWRvd25ncmFkZSUyMiUzRSUzQyUyRmlmcmFtZSUzRQ==[\/vc_raw_html][\/vc_column][\/vc_row][vc_row full_width=&#8221;stretch_row&#8221; vlt_overflow_hidden=&#8221;&#8221;][vc_column]<div class=\"ult-spacer spacer-69fb39d27d22c\" data-id=\"69fb39d27d22c\" data-height=\"120\" data-height-mobile=\"120\" data-height-tab=\"120\" data-height-tab-portrait=\"\" data-height-mobile-landscape=\"\" style=\"clear:both;display:block;\"><\/div>[\/vc_column][vc_column width=&#8221;5\/12&#8243;]<div class=\"vlthemes_custom_69fb39d27d2d0   vlt-animation-block\" data-aos=\"fade\" data-aos-delay=\"0\"><div class=\"vlthemes_custom_69fb39d27d4a7   vlt-section-title text-left\"><h2 style=\"color:;\">Contact us<\/h2><\/div><\/div><div class=\"ult-spacer spacer-69fb39d27d5be\" data-id=\"69fb39d27d5be\" data-height=\"40\" data-height-mobile=\"40\" data-height-tab=\"40\" data-height-tab-portrait=\"\" data-height-mobile-landscape=\"\" style=\"clear:both;display:block;\"><\/div><div class=\"vlthemes_custom_69fb39d27d63b   vlt-animation-block\" data-aos=\"fade\" data-aos-delay=\"100\"><ul class=\"vlthemes_custom_69fb39d27d7b3   vlt-contact-info\" style=\"color:;\"><li><strong style=\"color:;\">Address:<\/strong>Muratpa\u015fa mahallesi 561. SK Hasan B\u0131\u00e7ak\u00e7\u0131 \u0130\u015f Merkezi No:1 Kat:5 i\u00e7 kap\u0131 no: 42 (503)\nMuratpa\u015fa\u00a0-\u00a0Antalya<\/li><li><strong style=\"color:;\">Phone:<\/strong><a href=\"tel:905366775459\">+90 536 677 54 59<\/a><\/li><li><strong style=\"color:;\">Whatsapp: <\/strong><a href=\"tel:905326005459\">+90 532 600 54 59<\/a><\/li><li><strong style=\"color:;\">E-mail:<\/strong><a href=\"mailto:info@ofaglobal.com\">info@ofaglobal.com<\/a><\/li><\/ul><\/div><div class=\"vlthemes_custom_69fb39d27daf5   vlt-social-icons text-left\"><a href=\"https:\/\/www.facebook.com\/ofaglobal\/\" class=\" vlt-social-icon vlt-social-icon--style-3 facebook-f\"><i class=\"fab fa-facebook-f\"><\/i><\/a><a href=\"https:\/\/www.instagram.com\/ofaglobal\/\" class=\" vlt-social-icon vlt-social-icon--style-3 instagram\"><i class=\"fab fa-instagram\"><\/i><\/a><a href=\"https:\/\/www.linkedin.com\/company\/optimize-consulting-tr\" class=\" vlt-social-icon vlt-social-icon--style-3 linkedin-in\"><i class=\"fab fa-linkedin-in\"><\/i><\/a><\/div><div class=\"ult-spacer spacer-69fb39d27dc65\" data-id=\"69fb39d27dc65\" data-height=\"\" data-height-mobile=\"\" data-height-tab=\"\" data-height-tab-portrait=\"60\" data-height-mobile-landscape=\"\" style=\"clear:both;display:block;\"><\/div>[\/vc_column][vc_column width=&#8221;1\/12&#8243;][\/vc_column][vc_column width=&#8221;6\/12&#8243;]<div class=\"vlthemes_custom_69fb39d27dcdd   vlt-animation-block\" data-aos=\"fade\" data-aos-delay=\"100\"><div class=\"vlthemes_custom_69fb39d27de34   vlthemes-contact-form-01\"><div role=\"form\" class=\"wpcf7\" id=\"wpcf7-f4019-o1\" lang=\"en-US\" dir=\"ltr\">\n<div class=\"screen-reader-response\"><p role=\"status\" aria-live=\"polite\" aria-atomic=\"true\"><\/p> <ul><\/ul><\/div>\n<form action=\"\/en\/wp-json\/wp\/v2\/pages\/4018#wpcf7-f4019-o1\" method=\"post\" class=\"wpcf7-form init\" novalidate=\"novalidate\" data-status=\"init\">\n<div style=\"display: none;\">\n<input type=\"hidden\" name=\"_wpcf7\" value=\"4019\" \/>\n<input type=\"hidden\" name=\"_wpcf7_version\" value=\"5.5.6\" \/>\n<input type=\"hidden\" name=\"_wpcf7_locale\" value=\"en_US\" \/>\n<input type=\"hidden\" name=\"_wpcf7_unit_tag\" value=\"wpcf7-f4019-o1\" \/>\n<input type=\"hidden\" name=\"_wpcf7_container_post\" value=\"0\" \/>\n<input type=\"hidden\" name=\"_wpcf7_posted_data_hash\" value=\"\" \/>\n<\/div>\n<div class=\"vlt-form-group\">\n   <span class=\"wpcf7-form-control-wrap your-name\"><input type=\"text\" name=\"your-name\" value=\"\" size=\"40\" class=\"wpcf7-form-control wpcf7-text wpcf7-validates-as-required\" aria-required=\"true\" aria-invalid=\"false\" placeholder=\"Name Surname\" \/><\/span>\n<\/div>\n<div class=\"vlt-form-group\">\n   <span class=\"wpcf7-form-control-wrap your-email\"><input type=\"email\" name=\"your-email\" value=\"\" size=\"40\" class=\"wpcf7-form-control wpcf7-text wpcf7-email wpcf7-validates-as-required wpcf7-validates-as-email\" aria-required=\"true\" aria-invalid=\"false\" placeholder=\"E-mail\" \/><\/span>\n<\/div>\n<div class=\"vlt-form-group\">\n   <span class=\"wpcf7-form-control-wrap your-title\"><input type=\"text\" name=\"your-title\" value=\"\" size=\"40\" class=\"wpcf7-form-control wpcf7-text\" aria-invalid=\"false\" placeholder=\"Subject\" \/><\/span>\n<\/div>\n<div class=\"vlt-form-group\">\n   <span class=\"wpcf7-form-control-wrap your-message\"><textarea name=\"your-message\" cols=\"40\" rows=\"4\" class=\"wpcf7-form-control wpcf7-textarea\" aria-invalid=\"false\" placeholder=\"Message\"><\/textarea><\/span>\n<\/div>\n<div class=\"vlt-form-group\">\n<\/div>\n<p><button class=\"wpcf7-form-control wpcf7-submit vlt-btn vlt-btn--primary vlt-btn--lg vlt-btn--effect\"><span>Send<\/span><\/button><\/p>\n<div class=\"wpcf7-response-output\" aria-hidden=\"true\"><\/div><\/form><\/div><\/div><\/div>[\/vc_column][vc_column]<div class=\"ult-spacer spacer-69fb39d27f3ec\" data-id=\"69fb39d27f3ec\" data-height=\"120\" data-height-mobile=\"120\" data-height-tab=\"120\" data-height-tab-portrait=\"\" data-height-mobile-landscape=\"\" style=\"clear:both;display:block;\"><\/div>[\/vc_column][\/vc_row][\/vc_section]<\/p>\n","protected":false},"excerpt":{"rendered":"<p>[vc_section][vc_row full_width=&#8221;stretch_row_content_no_spaces&#8221;][vc_column][vc_raw_html]JTNDaWZyYW1lJTIwc3JjJTNEJTIyaHR0cHMlM0ElMkYlMkZ3d3cuZ29vZ2xlLmNvbSUyRm1hcHMlMkZlbWJlZCUzRnBiJTNEJTIxMW0xNyUyMTFtMTIlMjExbTMlMjExZDY0MzEwLjAyMjk3NDA3MDU3JTIxMmQzMC42Nzg5NjY4NzEyMDA1MjIlMjEzZDM2LjkwOTkzMDkzNTE2NDQyJTIxMm0zJTIxMWYwJTIxMmYwJTIxM2YwJTIxM20yJTIxMWkxMDI0JTIxMmk3NjglMjE0ZjEzLjElMjEzbTIlMjExbTElMjEyek16YkNzRFV6SnpNNExqa2lUaUF6TU1Ld05ESW5NRFF1TXlKRiUyMTVlMCUyMTNtMiUyMTFzdHIlMjEyc3RyJTIxNHYxNzE1MzM3NTA4Mzg5JTIxNW0yJTIxMXN0ciUyMTJzdHIlMjIlMjB3aWR0aCUzRCUyMjEwMCUyNSUyMiUyMGhlaWdodCUzRCUyMjQ1MCUyMiUyMHN0eWxlJTNEJTIyYm9yZGVyJTNBMCUzQiUyMiUyMGFsbG93ZnVsbHNjcmVlbiUzRCUyMiUyMiUyMGxvYWRpbmclM0QlMjJsYXp5JTIyJTIwcmVmZXJyZXJwb2xpY3klM0QlMjJuby1yZWZlcnJlci13aGVuLWRvd25ncmFkZSUyMiUzRSUzQyUyRmlmcmFtZSUzRQ==[\/vc_raw_html][\/vc_column][\/vc_row][vc_row full_width=&#8221;stretch_row&#8221; vlt_overflow_hidden=&#8221;&#8221;][vc_column][\/vc_column][vc_column width=&#8221;5\/12&#8243;][\/vc_column][vc_column width=&#8221;1\/12&#8243;][\/vc_column][vc_column width=&#8221;6\/12&#8243;][\/vc_column][vc_column][\/vc_column][\/vc_row][\/vc_section]<\/p>\n","protected":false},"author":1,"featured_media":0,"parent":0,"menu_order":49,"comment_status":"closed","ping_status":"closed","template":"template-custom-page.php","meta":{"_vp_format_video_url":"","_vp_image_focal_point":[],"footnotes":""},"class_list":["post-4018","page","type-page","status-publish","hentry"],"acf":[],"_links":{"self":[{"href":"https:\/\/www.ofaglobal.com\/en\/wp-json\/wp\/v2\/pages\/4018","targetHints":{"allow":["GET"]}}],"collection":[{"href":"https:\/\/www.ofaglobal.com\/en\/wp-json\/wp\/v2\/pages"}],"about":[{"href":"https:\/\/www.ofaglobal.com\/en\/wp-json\/wp\/v2\/types\/page"}],"author":[{"embeddable":true,"href":"https:\/\/www.ofaglobal.com\/en\/wp-json\/wp\/v2\/users\/1"}],"replies":[{"embeddable":true,"href":"https:\/\/www.ofaglobal.com\/en\/wp-json\/wp\/v2\/comments?post=4018"}],"version-history":[{"count":2,"href":"https:\/\/www.ofaglobal.com\/en\/wp-json\/wp\/v2\/pages\/4018\/revisions"}],"predecessor-version":[{"id":4122,"href":"https:\/\/www.ofaglobal.com\/en\/wp-json\/wp\/v2\/pages\/4018\/revisions\/4122"}],"wp:attachment":[{"href":"https:\/\/www.ofaglobal.com\/en\/wp-json\/wp\/v2\/media?parent=4018"}],"curies":[{"name":"wp","href":"https:\/\/api.w.org\/{rel}","templated":true}]}}